{"id":397,"date":"2018-02-21T13:59:54","date_gmt":"2018-02-21T13:59:54","guid":{"rendered":"http:\/\/delben.it\/our-recipes-and-some-easy-tips\/"},"modified":"2018-02-21T14:02:43","modified_gmt":"2018-02-21T14:02:43","slug":"our-recipes-and-some-easy-tips","status":"publish","type":"page","link":"https:\/\/delben.it\/en\/our-recipes-and-some-easy-tips\/","title":{"rendered":"Our Recipes and some easy tips"},"content":{"rendered":"\n<style type=\"text\/css\" data-created_by=\"avia_inline_auto\" id=\"style-css-av-av_heading-a55ac702a64f63f7a44c7734b0928486\">\n#top .av-special-heading.av-av_heading-a55ac702a64f63f7a44c7734b0928486{\npadding-bottom:22px;\nfont-size:25px;\n}\nbody .av-special-heading.av-av_heading-a55ac702a64f63f7a44c7734b0928486 .av-special-heading-tag .heading-char{\nfont-size:25px;\n}\n#top #wrap_all .av-special-heading.av-av_heading-a55ac702a64f63f7a44c7734b0928486 .av-special-heading-tag{\nfont-size:25px;\n}\n.av-special-heading.av-av_heading-a55ac702a64f63f7a44c7734b0928486 .av-subheading{\nfont-size:15px;\n}\n\n@media only screen and (min-width: 480px) and (max-width: 767px){ \n#top #wrap_all .av-special-heading.av-av_heading-a55ac702a64f63f7a44c7734b0928486 .av-special-heading-tag{\nfont-size:0.8em;\n}\n}\n\n@media only screen and (max-width: 479px){ \n#top #wrap_all .av-special-heading.av-av_heading-a55ac702a64f63f7a44c7734b0928486 .av-special-heading-tag{\nfont-size:0.8em;\n}\n}\n<\/style>\n<div  class='av-special-heading av-av_heading-a55ac702a64f63f7a44c7734b0928486 av-special-heading-h3 blockquote classic-quote  avia-builder-el-0  el_before_av_section  avia-builder-el-no-sibling  av-inherit-size'><h3 class='av-special-heading-tag '  itemprop=\"headline\"  >Recipes<\/h3><div class='av-subheading av-subheading_below'><p>Tips to enjoy the Friulian Tradition at home in an easy way.<\/p>\n<\/div><div class=\"special-heading-border\"><div class=\"special-heading-inner-border\"><\/div><\/div><\/div>\n<\/div><\/div><\/div><!-- close content main div --><\/div><\/div><div id='av_section_1'  class='avia-section av-av_section-d18d8c2c81d10022ebd21ffa95322c35 main_color avia-section-default avia-no-shadow  avia-builder-el-1  el_after_av_heading  el_before_av_section  avia-bg-style-scroll container_wrap fullsize'  ><div class='container av-section-cont-open' ><div class='template-page content  av-content-full alpha units'><div class='post-entry post-entry-type-page post-entry-397'><div class='entry-content-wrapper clearfix'>\n\n<style type=\"text\/css\" data-created_by=\"avia_inline_auto\" id=\"style-css-av-av_one_third-9497bbf8bff73ea4c6992cc17fa9ec36\">\n.flex_column.av-av_one_third-9497bbf8bff73ea4c6992cc17fa9ec36{\nborder-radius:0px 0px 0px 0px;\npadding:0px 0px 0px 0px;\n}\n<\/style>\n<div  class='flex_column av-av_one_third-9497bbf8bff73ea4c6992cc17fa9ec36 av_one_third  avia-builder-el-2  el_before_av_one_third  avia-builder-el-first  first flex_column_div av-zero-column-padding  '     ><section  class='av_textblock_section av-av_textblock-0366cc7376be6c9e82a3e9cc8987b64f '   itemscope=\"itemscope\" itemtype=\"https:\/\/schema.org\/CreativeWork\" ><div class='avia_textblock'  itemprop=\"text\" ><h2 style=\"text-align: justify;\">Salame with vinegar &#8220;Salam tal Aset&#8221;<\/h2>\n<p>Cut a Salame with garlic, preferably fresh (maximum 15 days of seasoning) <span style=\"text-decoration: underline;\">without<\/span> removing the casing. Place the slices of salami in the grill or in a preheated non-stick pan, after a while the slices will take an upside down cup shape at this point turn the slices and add a little wine vinegar (preferably red) on each cup and finish cooking for an other minute maximum.<\/p>\n<p>Serve the product combined with grilled Polenta or with the previously scalded onion. Accompany with some good Friulano DOC red wine. Enjoy!<\/p>\n<\/div><\/section><\/div>\n<style type=\"text\/css\" data-created_by=\"avia_inline_auto\" id=\"style-css-av-av_one_third-215a5ad96bf94b8399091153315413be\">\n.flex_column.av-av_one_third-215a5ad96bf94b8399091153315413be{\nborder-width:2px;\nborder-color:#edae44;\nborder-style:solid;\nborder-radius:10px 10px 10px 10px;\npadding:0px 0px 0px 0px;\nbackground-color:rgba(237,237,0,0.44);\n}\n<\/style>\n<div  class='flex_column av-av_one_third-215a5ad96bf94b8399091153315413be av_one_third  avia-builder-el-4  el_after_av_one_third  el_before_av_one_third  flex_column_div av-animated-generic fade-in av-zero-column-padding  '     ><div  class='avia-icon-list-container av-av_iconlist-c9265973fe37925e1675fd541a8fb5d9  avia-builder-el-5  avia-builder-el-no-sibling '><ul class='avia-icon-list avia_animate_when_almost_visible avia-icon-list-left av-iconlist-big av-av_iconlist-c9265973fe37925e1675fd541a8fb5d9 avia-iconlist-animate'>\n<li><div class='iconlist_icon av-av_iconlist_item-41d0b30b095f44a1d27a25b147351d1e avia-font-entypo-fontello avia-iconfont avia-font-entypo-fontello'><span class='av-icon-char' data-av_icon='\ue81e' data-av_iconfont='entypo-fontello' aria-hidden=\"true\"><\/span><\/div><article class=\"article-icon-entry \"  itemscope=\"itemscope\" itemtype=\"https:\/\/schema.org\/CreativeWork\" ><div class=\"iconlist_content_wrap\"><header class=\"entry-content-header\" aria-label=\"Icon: Ingredients\"><h4 class='av_iconlist_title iconlist_title  '  itemprop=\"headline\" >Ingredients<\/h4><\/header><div class='iconlist_content '  itemprop=\"text\" ><ul>\n<li><span style=\"color: #993300;\">Salame with garlic (fresh not seasoned)<\/span><\/li>\n<li><span style=\"color: #993300;\">Red wine vinegard<\/span><\/li>\n<li><span style=\"color: #993300;\">Polenta sliced and grilled<\/span><\/li>\n<li><span style=\"color: #993300;\">Onion<\/span><\/li>\n<\/ul>\n<\/div><\/div><footer class=\"entry-footer\"><\/footer><\/article><div class=\"iconlist-timeline\"><\/div><\/li>\n<\/ul><\/div><\/div>\n<style type=\"text\/css\" data-created_by=\"avia_inline_auto\" id=\"style-css-av-av_one_third-9c1d454dc06f7247226bc4e8f931daae\">\n.flex_column.av-av_one_third-9c1d454dc06f7247226bc4e8f931daae{\nborder-radius:0px 0px 0px 0px;\npadding:0px 0px 0px 0px;\n}\n<\/style>\n<div  class='flex_column av-av_one_third-9c1d454dc06f7247226bc4e8f931daae av_one_third  avia-builder-el-6  el_after_av_one_third  avia-builder-el-last  flex_column_div av-zero-column-padding  '     ><style type=\"text\/css\" data-created_by=\"avia_inline_auto\" id=\"style-css-av-av_image-e3d16b900db119812b958ce1bf81cc39\">\n.avia-image-container.av-av_image-e3d16b900db119812b958ce1bf81cc39 img.avia_image{\nbox-shadow:none;\n}\n.avia-image-container.av-av_image-e3d16b900db119812b958ce1bf81cc39 .av-image-caption-overlay-center{\ncolor:#ffffff;\n}\n<\/style>\n<div  class='avia-image-container av-av_image-e3d16b900db119812b958ce1bf81cc39 av-styling- avia_animated_image av-animated-when-visible-95 av-rotateInUpLeft avia-align-center  avia-builder-el-7  avia-builder-el-no-sibling '   itemprop=\"image\" itemscope=\"itemscope\" itemtype=\"https:\/\/schema.org\/ImageObject\" ><div class=\"avia-image-container-inner\"><div class=\"avia-image-overlay-wrap\"><img decoding=\"async\" fetchpriority=\"high\" class='wp-image-454 avia-img-lazy-loading-not-454 avia_image ' src=\"https:\/\/delben.it\/wp-content\/uploads\/2016\/03\/salame_allaceto-300x225.jpg\" alt='salami with vinegar' title='salami with vinegar'  height=\"225\" width=\"300\"  itemprop=\"thumbnailUrl\"  \/><\/div><\/div><\/div><\/div>\n\n<\/div><\/div><\/div><!-- close content main div --><\/div><\/div><div id='av_section_2'  class='avia-section av-av_section-d18d8c2c81d10022ebd21ffa95322c35 main_color avia-section-default avia-no-shadow  avia-builder-el-8  el_after_av_section  avia-builder-el-last  avia-bg-style-scroll container_wrap fullsize'  ><div class='container av-section-cont-open' ><div class='template-page content  av-content-full alpha units'><div class='post-entry post-entry-type-page post-entry-397'><div class='entry-content-wrapper clearfix'>\n\n<style type=\"text\/css\" data-created_by=\"avia_inline_auto\" id=\"style-css-av-av_one_third-9497bbf8bff73ea4c6992cc17fa9ec36\">\n.flex_column.av-av_one_third-9497bbf8bff73ea4c6992cc17fa9ec36{\nborder-radius:0px 0px 0px 0px;\npadding:0px 0px 0px 0px;\n}\n<\/style>\n<div  class='flex_column av-av_one_third-9497bbf8bff73ea4c6992cc17fa9ec36 av_one_third  avia-builder-el-9  el_before_av_one_third  avia-builder-el-first  first flex_column_div av-zero-column-padding  '     ><section  class='av_textblock_section av-av_textblock-0366cc7376be6c9e82a3e9cc8987b64f '   itemscope=\"itemscope\" itemtype=\"https:\/\/schema.org\/CreativeWork\" ><div class='avia_textblock'  itemprop=\"text\" ><h2 style=\"text-align: justify;\">Risotto with sausages &#8220;Ris\u00f2t c\u00f9 la luj\u00e0nie&#8221;<\/h2>\n<p>Remove the sausage casing, chop it and brown it in a non-stick pan, stirring it thoroughly. When cooking is almost complete add the rice in such a way that it takes color. When the rice is shiny begin to add water or boiling broth and continue cooking slowly, adding the liquid, from time to time. When the rice is cooked, turn off the heat and add the white wine and the butter to whisk it.<\/p>\n<p>Serve the risotto with sausage hot with plenty of grated cheese on it, of course Seasoned Montasio is preferred.<\/p>\n<\/div><\/section><\/div>\n<style type=\"text\/css\" data-created_by=\"avia_inline_auto\" id=\"style-css-av-av_one_third-215a5ad96bf94b8399091153315413be\">\n.flex_column.av-av_one_third-215a5ad96bf94b8399091153315413be{\nborder-width:2px;\nborder-color:#edae44;\nborder-style:solid;\nborder-radius:10px 10px 10px 10px;\npadding:0px 0px 0px 0px;\nbackground-color:rgba(237,237,0,0.44);\n}\n<\/style>\n<div  class='flex_column av-av_one_third-215a5ad96bf94b8399091153315413be av_one_third  avia-builder-el-11  el_after_av_one_third  el_before_av_one_third  flex_column_div av-animated-generic fade-in av-zero-column-padding  '     ><div  class='avia-icon-list-container av-av_iconlist-c9265973fe37925e1675fd541a8fb5d9  avia-builder-el-12  avia-builder-el-no-sibling '><ul class='avia-icon-list avia_animate_when_almost_visible avia-icon-list-left av-iconlist-big av-av_iconlist-c9265973fe37925e1675fd541a8fb5d9 avia-iconlist-animate'>\n<li><div class='iconlist_icon av-av_iconlist_item-41d0b30b095f44a1d27a25b147351d1e avia-font-entypo-fontello avia-iconfont avia-font-entypo-fontello'><span class='av-icon-char' data-av_icon='\ue81e' data-av_iconfont='entypo-fontello' aria-hidden=\"true\"><\/span><\/div><article class=\"article-icon-entry \"  itemscope=\"itemscope\" itemtype=\"https:\/\/schema.org\/CreativeWork\" ><div class=\"iconlist_content_wrap\"><header class=\"entry-content-header\" aria-label=\"Icon: Ingredients\"><h4 class='av_iconlist_title iconlist_title  '  itemprop=\"headline\" >Ingredients<\/h4><\/header><div class='iconlist_content '  itemprop=\"text\" ><p style=\"padding-left: 30px;\">For 4 portions:<\/p>\n<ul>\n<li><span style=\"color: #993300;\">300 grams of rice preferably Carnaroli<\/span><\/li>\n<li><span style=\"color: #993300;\">350 grams of Salsiccia Del Ben<br \/>\n<\/span><\/li>\n<li><span style=\"color: #993300;\">Salt<\/span><\/li>\n<li><span style=\"color: #993300;\">A spoonful of butter<\/span><\/li>\n<li><span style=\"color: #993300;\">1,5 liter of water or broth<\/span><\/li>\n<li><span style=\"color: #993300;\">1 cup of white wine<\/span><\/li>\n<li><span style=\"color: #993300;\">Grated cheese<\/span><\/li>\n<\/ul>\n<\/div><\/div><footer class=\"entry-footer\"><\/footer><\/article><div class=\"iconlist-timeline\"><\/div><\/li>\n<\/ul><\/div><\/div>\n<style type=\"text\/css\" data-created_by=\"avia_inline_auto\" id=\"style-css-av-av_one_third-9c1d454dc06f7247226bc4e8f931daae\">\n.flex_column.av-av_one_third-9c1d454dc06f7247226bc4e8f931daae{\nborder-radius:0px 0px 0px 0px;\npadding:0px 0px 0px 0px;\n}\n<\/style>\n<div  class='flex_column av-av_one_third-9c1d454dc06f7247226bc4e8f931daae av_one_third  avia-builder-el-13  el_after_av_one_third  avia-builder-el-last  flex_column_div av-zero-column-padding  '     ><style type=\"text\/css\" data-created_by=\"avia_inline_auto\" id=\"style-css-av-av_image-e29b9d2943b24724bcb46abf06275626\">\n.avia-image-container.av-av_image-e29b9d2943b24724bcb46abf06275626 img.avia_image{\nbox-shadow:none;\n}\n.avia-image-container.av-av_image-e29b9d2943b24724bcb46abf06275626 .av-image-caption-overlay-center{\ncolor:#ffffff;\n}\n<\/style>\n<div  class='avia-image-container av-av_image-e29b9d2943b24724bcb46abf06275626 av-styling- avia_animated_image av-animated-when-visible-95 av-rotateInUpLeft avia-align-center  avia-builder-el-14  avia-builder-el-no-sibling '   itemprop=\"image\" itemscope=\"itemscope\" itemtype=\"https:\/\/schema.org\/ImageObject\" ><div class=\"avia-image-container-inner\"><div class=\"avia-image-overlay-wrap\"><img decoding=\"async\" fetchpriority=\"high\" class='wp-image-461 avia-img-lazy-loading-not-461 avia_image ' src=\"https:\/\/delben.it\/wp-content\/uploads\/2016\/03\/risotto-con-la-salsiccia-300x234.jpg\" alt='risotto with sausages' title='risotto with sausages'  height=\"234\" width=\"300\"  itemprop=\"thumbnailUrl\" srcset=\"https:\/\/delben.it\/wp-content\/uploads\/2016\/03\/risotto-con-la-salsiccia-300x234.jpg 300w, https:\/\/delben.it\/wp-content\/uploads\/2016\/03\/risotto-con-la-salsiccia-768x598.jpg 768w, https:\/\/delben.it\/wp-content\/uploads\/2016\/03\/risotto-con-la-salsiccia-705x549.jpg 705w, https:\/\/delben.it\/wp-content\/uploads\/2016\/03\/risotto-con-la-salsiccia-450x350.jpg 450w, https:\/\/delben.it\/wp-content\/uploads\/2016\/03\/risotto-con-la-salsiccia.jpg 976w\" sizes=\"(max-width: 300px) 100vw, 300px\" \/><\/div><\/div><\/div><\/div>\n","protected":false},"excerpt":{"rendered":"","protected":false},"author":1,"featured_media":0,"parent":0,"menu_order":0,"comment_status":"closed","ping_status":"closed","template":"","meta":{"footnotes":""},"class_list":["post-397","page","type-page","status-publish","hentry"],"yoast_head":"<!-- This site is optimized with the Yoast SEO plugin v25.7 - https:\/\/yoast.com\/wordpress\/plugins\/seo\/ -->\n<title>Our Recipes and some easy tips - Salumificio Del Ben Ernesto<\/title>\n<meta name=\"description\" content=\"Our Recipes - Tips to enjoy the Friulian Tradition at home in an easy way.\" \/>\n<meta name=\"robots\" content=\"index, follow, max-snippet:-1, max-image-preview:large, max-video-preview:-1\" \/>\n<link rel=\"canonical\" href=\"https:\/\/delben.it\/en\/our-recipes-and-some-easy-tips\/\" \/>\n<meta property=\"og:locale\" content=\"en_US\" \/>\n<meta property=\"og:type\" content=\"article\" \/>\n<meta property=\"og:title\" content=\"Our Recipes and some easy tips - Salumificio Del Ben Ernesto\" \/>\n<meta property=\"og:description\" content=\"Our Recipes - Tips to enjoy the Friulian Tradition at home in an easy way.\" \/>\n<meta property=\"og:url\" content=\"https:\/\/delben.it\/en\/our-recipes-and-some-easy-tips\/\" \/>\n<meta property=\"og:site_name\" content=\"Salumificio Del Ben Ernesto\" \/>\n<meta property=\"article:modified_time\" content=\"2018-02-21T14:02:43+00:00\" \/>\n<meta name=\"twitter:card\" content=\"summary_large_image\" \/>\n<meta name=\"twitter:label1\" content=\"Est. reading time\" \/>\n\t<meta name=\"twitter:data1\" content=\"5 minutes\" \/>\n<script type=\"application\/ld+json\" class=\"yoast-schema-graph\">{\"@context\":\"https:\/\/schema.org\",\"@graph\":[{\"@type\":\"WebPage\",\"@id\":\"https:\/\/delben.it\/en\/our-recipes-and-some-easy-tips\/\",\"url\":\"https:\/\/delben.it\/en\/our-recipes-and-some-easy-tips\/\",\"name\":\"Our Recipes and some easy tips - Salumificio Del Ben Ernesto\",\"isPartOf\":{\"@id\":\"https:\/\/delben.it\/#website\"},\"datePublished\":\"2018-02-21T13:59:54+00:00\",\"dateModified\":\"2018-02-21T14:02:43+00:00\",\"description\":\"Our Recipes - Tips to enjoy the Friulian Tradition at home in an easy way.\",\"breadcrumb\":{\"@id\":\"https:\/\/delben.it\/en\/our-recipes-and-some-easy-tips\/#breadcrumb\"},\"inLanguage\":\"en-US\",\"potentialAction\":[{\"@type\":\"ReadAction\",\"target\":[\"https:\/\/delben.it\/en\/our-recipes-and-some-easy-tips\/\"]}]},{\"@type\":\"BreadcrumbList\",\"@id\":\"https:\/\/delben.it\/en\/our-recipes-and-some-easy-tips\/#breadcrumb\",\"itemListElement\":[{\"@type\":\"ListItem\",\"position\":1,\"name\":\"Home\",\"item\":\"https:\/\/delben.it\/en\/\"},{\"@type\":\"ListItem\",\"position\":2,\"name\":\"Our Recipes and some easy tips\"}]},{\"@type\":\"WebSite\",\"@id\":\"https:\/\/delben.it\/#website\",\"url\":\"https:\/\/delben.it\/\",\"name\":\"Salumificio Del Ben Ernesto\",\"description\":\"Salumi ed Insaccati Tipici Friulani\",\"publisher\":{\"@id\":\"https:\/\/delben.it\/#organization\"},\"potentialAction\":[{\"@type\":\"SearchAction\",\"target\":{\"@type\":\"EntryPoint\",\"urlTemplate\":\"https:\/\/delben.it\/?s={search_term_string}\"},\"query-input\":{\"@type\":\"PropertyValueSpecification\",\"valueRequired\":true,\"valueName\":\"search_term_string\"}}],\"inLanguage\":\"en-US\"},{\"@type\":\"Organization\",\"@id\":\"https:\/\/delben.it\/#organization\",\"name\":\"Del Ben Ernesto & C. s.a.s.\",\"url\":\"https:\/\/delben.it\/\",\"logo\":{\"@type\":\"ImageObject\",\"inLanguage\":\"en-US\",\"@id\":\"https:\/\/delben.it\/#\/schema\/logo\/image\/\",\"url\":\"https:\/\/delben.it\/wp-content\/uploads\/2016\/02\/logo_db.jpg\",\"contentUrl\":\"https:\/\/delben.it\/wp-content\/uploads\/2016\/02\/logo_db.jpg\",\"width\":565,\"height\":250,\"caption\":\"Del Ben Ernesto & C. s.a.s.\"},\"image\":{\"@id\":\"https:\/\/delben.it\/#\/schema\/logo\/image\/\"}}]}<\/script>\n<!-- \/ Yoast SEO plugin. -->","yoast_head_json":{"title":"Our Recipes and some easy tips - Salumificio Del Ben Ernesto","description":"Our Recipes - Tips to enjoy the Friulian Tradition at home in an easy way.","robots":{"index":"index","follow":"follow","max-snippet":"max-snippet:-1","max-image-preview":"max-image-preview:large","max-video-preview":"max-video-preview:-1"},"canonical":"https:\/\/delben.it\/en\/our-recipes-and-some-easy-tips\/","og_locale":"en_US","og_type":"article","og_title":"Our Recipes and some easy tips - Salumificio Del Ben Ernesto","og_description":"Our Recipes - Tips to enjoy the Friulian Tradition at home in an easy way.","og_url":"https:\/\/delben.it\/en\/our-recipes-and-some-easy-tips\/","og_site_name":"Salumificio Del Ben Ernesto","article_modified_time":"2018-02-21T14:02:43+00:00","twitter_card":"summary_large_image","twitter_misc":{"Est. reading time":"5 minutes"},"schema":{"@context":"https:\/\/schema.org","@graph":[{"@type":"WebPage","@id":"https:\/\/delben.it\/en\/our-recipes-and-some-easy-tips\/","url":"https:\/\/delben.it\/en\/our-recipes-and-some-easy-tips\/","name":"Our Recipes and some easy tips - Salumificio Del Ben Ernesto","isPartOf":{"@id":"https:\/\/delben.it\/#website"},"datePublished":"2018-02-21T13:59:54+00:00","dateModified":"2018-02-21T14:02:43+00:00","description":"Our Recipes - Tips to enjoy the Friulian Tradition at home in an easy way.","breadcrumb":{"@id":"https:\/\/delben.it\/en\/our-recipes-and-some-easy-tips\/#breadcrumb"},"inLanguage":"en-US","potentialAction":[{"@type":"ReadAction","target":["https:\/\/delben.it\/en\/our-recipes-and-some-easy-tips\/"]}]},{"@type":"BreadcrumbList","@id":"https:\/\/delben.it\/en\/our-recipes-and-some-easy-tips\/#breadcrumb","itemListElement":[{"@type":"ListItem","position":1,"name":"Home","item":"https:\/\/delben.it\/en\/"},{"@type":"ListItem","position":2,"name":"Our Recipes and some easy tips"}]},{"@type":"WebSite","@id":"https:\/\/delben.it\/#website","url":"https:\/\/delben.it\/","name":"Salumificio Del Ben Ernesto","description":"Salumi ed Insaccati Tipici Friulani","publisher":{"@id":"https:\/\/delben.it\/#organization"},"potentialAction":[{"@type":"SearchAction","target":{"@type":"EntryPoint","urlTemplate":"https:\/\/delben.it\/?s={search_term_string}"},"query-input":{"@type":"PropertyValueSpecification","valueRequired":true,"valueName":"search_term_string"}}],"inLanguage":"en-US"},{"@type":"Organization","@id":"https:\/\/delben.it\/#organization","name":"Del Ben Ernesto & C. s.a.s.","url":"https:\/\/delben.it\/","logo":{"@type":"ImageObject","inLanguage":"en-US","@id":"https:\/\/delben.it\/#\/schema\/logo\/image\/","url":"https:\/\/delben.it\/wp-content\/uploads\/2016\/02\/logo_db.jpg","contentUrl":"https:\/\/delben.it\/wp-content\/uploads\/2016\/02\/logo_db.jpg","width":565,"height":250,"caption":"Del Ben Ernesto & C. s.a.s."},"image":{"@id":"https:\/\/delben.it\/#\/schema\/logo\/image\/"}}]}},"_links":{"self":[{"href":"https:\/\/delben.it\/en\/wp-json\/wp\/v2\/pages\/397\/"}],"collection":[{"href":"https:\/\/delben.it\/en\/wp-json\/wp\/v2\/pages\/"}],"about":[{"href":"https:\/\/delben.it\/en\/wp-json\/wp\/v2\/types\/page\/"}],"author":[{"embeddable":true,"href":"https:\/\/delben.it\/en\/wp-json\/wp\/v2\/users\/1\/"}],"replies":[{"embeddable":true,"href":"https:\/\/delben.it\/en\/wp-json\/wp\/v2\/comments\/?post=397"}],"version-history":[{"count":11,"href":"https:\/\/delben.it\/en\/wp-json\/wp\/v2\/pages\/397\/revisions\/"}],"predecessor-version":[{"id":414,"href":"https:\/\/delben.it\/en\/wp-json\/wp\/v2\/pages\/397\/revisions\/414\/"}],"wp:attachment":[{"href":"https:\/\/delben.it\/en\/wp-json\/wp\/v2\/media\/?parent=397"}],"curies":[{"name":"wp","href":"https:\/\/api.w.org\/{rel}","templated":true}]}}